{"id":2322,"date":"2025-07-08T19:33:36","date_gmt":"2025-07-08T17:33:36","guid":{"rendered":"https:\/\/ramina.fr\/?page_id=2322"},"modified":"2025-09-02T23:49:59","modified_gmt":"2025-09-02T21:49:59","slug":"ils-parlent-de-nous","status":"publish","type":"page","link":"https:\/\/ramina.fr\/index.php\/ils-parlent-de-nous\/","title":{"rendered":"On parle de nous"},"content":{"rendered":"\t\t<div data-elementor-type=\"wp-page\" data-elementor-id=\"2322\" class=\"elementor elementor-2322\">\n\t\t\t\t<div class=\"elementor-element elementor-element-829b155 e-con-full e-flex e-con e-parent\" data-id=\"829b155\" data-element_type=\"container\" data-e-type=\"container\">\n\t\t\t\t<div class=\"elementor-element elementor-element-57a44c0 elementor-widget elementor-widget-heading\" data-id=\"57a44c0\" data-element_type=\"widget\" data-e-type=\"widget\" data-widget_type=\"heading.default\">\n\t\t\t\t\t<h2 class=\"elementor-heading-title elementor-size-default\">On parle de nous<\/h2>\t\t\t\t<\/div>\n\t\t\t\t<\/div>\n\t\t<div class=\"elementor-element elementor-element-3a2e73a e-grid e-con-full e-con e-parent\" data-id=\"3a2e73a\" data-element_type=\"container\" data-e-type=\"container\">\n\t\t\t\t<div class=\"elementor-element elementor-element-5245a0d elementor-widget elementor-widget-image\" data-id=\"5245a0d\" data-element_type=\"widget\" data-e-type=\"widget\" data-widget_type=\"image.default\">\n\t\t\t\t\t\t\t\t\t\t\t\t\t\t\t\t<a href=\"https:\/\/drive.google.com\/file\/d\/1iLcBBbnFiyuK7uAvNBAR7bUHtbrnkW8n\/view?usp=drive_link\">\n\t\t\t\t\t\t\t<img fetchpriority=\"high\" decoding=\"async\" width=\"525\" height=\"346\" src=\"https:\/\/ramina.fr\/wp-content\/uploads\/2025\/07\/La-Marseillaise-Aout-2025.png\" class=\"attachment-large size-large wp-image-2339\" alt=\"\" srcset=\"https:\/\/ramina.fr\/wp-content\/uploads\/2025\/07\/La-Marseillaise-Aout-2025.png 983w, https:\/\/ramina.fr\/wp-content\/uploads\/2025\/07\/La-Marseillaise-Aout-2025-300x198.png 300w, https:\/\/ramina.fr\/wp-content\/uploads\/2025\/07\/La-Marseillaise-Aout-2025-768x506.png 768w\" sizes=\"100vw\" \/>\t\t\t\t\t\t\t\t<\/a>\n\t\t\t\t\t\t\t\t\t\t\t\t\t\t\t<\/div>\n\t\t\t\t<div class=\"elementor-element elementor-element-bc6eb62 elementor-widget__width-inherit elementor-widget elementor-widget-text-editor\" data-id=\"bc6eb62\" data-element_type=\"widget\" data-e-type=\"widget\" data-widget_type=\"text-editor.default\">\n\t\t\t\t\t\t\t\t\t<p style=\"text-align: center;\"><a href=\"https:\/\/ramina.fr\/wp-content\/uploads\/2025\/07\/Article-Ramina-La-Marseillaise-Aout-2024.pdf\" target=\"_blank\" rel=\"noopener\">La Marseillaise &#8211; Aboubacar et Michel, 30 pages pour une rencontre<\/a><\/p>\t\t\t\t\t\t\t\t<\/div>\n\t\t\t\t<div class=\"elementor-element elementor-element-9590d82 elementor-widget elementor-widget-image\" data-id=\"9590d82\" data-element_type=\"widget\" data-e-type=\"widget\" data-widget_type=\"image.default\">\n\t\t\t\t\t\t\t\t\t\t\t\t\t\t\t<img decoding=\"async\" width=\"525\" height=\"289\" src=\"https:\/\/ramina.fr\/wp-content\/uploads\/2025\/07\/JT-France-3-Provence-2021-1024x564.png\" class=\"attachment-large size-large wp-image-2340\" alt=\"\" srcset=\"https:\/\/ramina.fr\/wp-content\/uploads\/2025\/07\/JT-France-3-Provence-2021-1024x564.png 1024w, https:\/\/ramina.fr\/wp-content\/uploads\/2025\/07\/JT-France-3-Provence-2021-300x165.png 300w, https:\/\/ramina.fr\/wp-content\/uploads\/2025\/07\/JT-France-3-Provence-2021-768x423.png 768w, https:\/\/ramina.fr\/wp-content\/uploads\/2025\/07\/JT-France-3-Provence-2021.png 1081w\" sizes=\"100vw\" \/>\t\t\t\t\t\t\t\t\t\t\t\t\t\t\t<\/div>\n\t\t\t\t<div class=\"elementor-element elementor-element-e985655 elementor-widget__width-inherit elementor-widget elementor-widget-text-editor\" data-id=\"e985655\" data-element_type=\"widget\" data-e-type=\"widget\" data-widget_type=\"text-editor.default\">\n\t\t\t\t\t\t\t\t\t<p style=\"text-align: center;\"><a href=\"https:\/\/youtu.be\/gvqO0AfIzdQ?si=Inwvyj9YqXQWtspT\" target=\"_blank\" rel=\"noopener\">JT de France 3 Provence &#8211; Migrants : un toit pour les minots<\/a><\/p>\t\t\t\t\t\t\t\t<\/div>\n\t\t\t\t<div class=\"elementor-element elementor-element-9862057 elementor-widget elementor-widget-image\" data-id=\"9862057\" data-element_type=\"widget\" data-e-type=\"widget\" data-widget_type=\"image.default\">\n\t\t\t\t\t\t\t\t\t\t\t\t\t\t\t<img decoding=\"async\" width=\"525\" height=\"401\" src=\"https:\/\/ramina.fr\/wp-content\/uploads\/2025\/07\/Podcast-Nouveaux-Eau-rizons.png\" class=\"attachment-large size-large wp-image-2341\" alt=\"\" srcset=\"https:\/\/ramina.fr\/wp-content\/uploads\/2025\/07\/Podcast-Nouveaux-Eau-rizons.png 557w, https:\/\/ramina.fr\/wp-content\/uploads\/2025\/07\/Podcast-Nouveaux-Eau-rizons-300x229.png 300w\" sizes=\"100vw\" \/>\t\t\t\t\t\t\t\t\t\t\t\t\t\t\t<\/div>\n\t\t\t\t<div class=\"elementor-element elementor-element-9c3bc9c elementor-widget__width-inherit elementor-widget elementor-widget-text-editor\" data-id=\"9c3bc9c\" data-element_type=\"widget\" data-e-type=\"widget\" data-widget_type=\"text-editor.default\">\n\t\t\t\t\t\t\t\t\t<p><span style=\"font-weight: 400;\">A l&rsquo;\u00e9t\u00e9 2023, de jeunes exil\u00e9s accompagn\u00e9s par l&rsquo;association RAMINA apprennent \u00e0 nager, avec un ma\u00eetre-nageur qualifi\u00e9, dans une piscine priv\u00e9e de Marseille, gr\u00e2ce \u00e0 l&rsquo;association Contact Club et \u00e0 son projet Eau-Rizon.<\/span><\/p><p>Le podcast <a href=\"https:\/\/soundcloud.com\/florence-mourlon\/nouveaux-eau-rizons\">ici<\/a><\/p>\t\t\t\t\t\t\t\t<\/div>\n\t\t\t\t<\/div>\n\t\t\t\t<\/div>\n\t\t","protected":false},"excerpt":{"rendered":"<p>On parle de nous La Marseillaise &#8211; Aboubacar et Michel, 30 pages pour une rencontre JT de France 3 Provence &#8211; Migrants : un toit pour les minots A l&rsquo;\u00e9t\u00e9 2023, de jeunes exil\u00e9s accompagn\u00e9s par l&rsquo;association RAMINA apprennent \u00e0 nager, avec un ma\u00eetre-nageur qualifi\u00e9, dans une piscine priv\u00e9e de Marseille, gr\u00e2ce \u00e0 l&rsquo;association Contact &hellip; <\/p>\n<p class=\"link-more\"><a href=\"https:\/\/ramina.fr\/index.php\/ils-parlent-de-nous\/\" class=\"more-link\">Continuer la lecture<span class=\"screen-reader-text\"> de &laquo;&nbsp;On parle de nous&nbsp;&raquo;<\/span><\/a><\/p>\n","protected":false},"author":3,"featured_media":0,"parent":0,"menu_order":0,"comment_status":"closed","ping_status":"closed","template":"elementor_header_footer","meta":{"footnotes":""},"class_list":["post-2322","page","type-page","status-publish","hentry"],"yoast_head":"<!-- This site is optimized with the Yoast SEO plugin v25.1 - https:\/\/yoast.com\/wordpress\/plugins\/seo\/ -->\n<title>On parle de nous | RAMINA<\/title>\n<meta name=\"robots\" content=\"index, follow, max-snippet:-1, max-image-preview:large, max-video-preview:-1\" \/>\n<link rel=\"canonical\" href=\"https:\/\/ramina.fr\/index.php\/ils-parlent-de-nous\/\" \/>\n<meta property=\"og:locale\" content=\"fr_FR\" \/>\n<meta property=\"og:type\" content=\"article\" \/>\n<meta property=\"og:title\" content=\"On parle de nous | RAMINA\" \/>\n<meta property=\"og:description\" content=\"On parle de nous La Marseillaise &#8211; Aboubacar et Michel, 30 pages pour une rencontre JT de France 3 Provence &#8211; Migrants : un toit pour les minots A l&rsquo;\u00e9t\u00e9 2023, de jeunes exil\u00e9s accompagn\u00e9s par l&rsquo;association RAMINA apprennent \u00e0 nager, avec un ma\u00eetre-nageur qualifi\u00e9, dans une piscine priv\u00e9e de Marseille, gr\u00e2ce \u00e0 l&rsquo;association Contact &hellip; Continuer la lecture de &laquo;&nbsp;On parle de nous&nbsp;&raquo;\" \/>\n<meta property=\"og:url\" content=\"https:\/\/ramina.fr\/index.php\/ils-parlent-de-nous\/\" \/>\n<meta property=\"og:site_name\" content=\"RAMINA\" \/>\n<meta property=\"article:publisher\" content=\"https:\/\/www.facebook.com\/contact.ramina\/\" \/>\n<meta property=\"article:modified_time\" content=\"2025-09-02T21:49:59+00:00\" \/>\n<meta property=\"og:image\" content=\"https:\/\/ramina.fr\/wp-content\/uploads\/2025\/07\/La-Marseillaise-Aout-2025.png\" \/>\n\t<meta property=\"og:image:width\" content=\"983\" \/>\n\t<meta property=\"og:image:height\" content=\"648\" \/>\n\t<meta property=\"og:image:type\" content=\"image\/png\" \/>\n<meta name=\"twitter:card\" content=\"summary_large_image\" \/>\n<meta name=\"twitter:label1\" content=\"Dur\u00e9e de lecture estim\u00e9e\" \/>\n\t<meta name=\"twitter:data1\" content=\"1 minute\" \/>\n<script type=\"application\/ld+json\" class=\"yoast-schema-graph\">{\"@context\":\"https:\/\/schema.org\",\"@graph\":[{\"@type\":\"WebPage\",\"@id\":\"https:\/\/ramina.fr\/index.php\/ils-parlent-de-nous\/\",\"url\":\"https:\/\/ramina.fr\/index.php\/ils-parlent-de-nous\/\",\"name\":\"On parle de nous | RAMINA\",\"isPartOf\":{\"@id\":\"https:\/\/ramina.fr\/#website\"},\"primaryImageOfPage\":{\"@id\":\"https:\/\/ramina.fr\/index.php\/ils-parlent-de-nous\/#primaryimage\"},\"image\":{\"@id\":\"https:\/\/ramina.fr\/index.php\/ils-parlent-de-nous\/#primaryimage\"},\"thumbnailUrl\":\"https:\/\/ramina.fr\/wp-content\/uploads\/2025\/07\/La-Marseillaise-Aout-2025.png\",\"datePublished\":\"2025-07-08T17:33:36+00:00\",\"dateModified\":\"2025-09-02T21:49:59+00:00\",\"breadcrumb\":{\"@id\":\"https:\/\/ramina.fr\/index.php\/ils-parlent-de-nous\/#breadcrumb\"},\"inLanguage\":\"fr-FR\",\"potentialAction\":[{\"@type\":\"ReadAction\",\"target\":[\"https:\/\/ramina.fr\/index.php\/ils-parlent-de-nous\/\"]}]},{\"@type\":\"ImageObject\",\"inLanguage\":\"fr-FR\",\"@id\":\"https:\/\/ramina.fr\/index.php\/ils-parlent-de-nous\/#primaryimage\",\"url\":\"https:\/\/ramina.fr\/wp-content\/uploads\/2025\/07\/La-Marseillaise-Aout-2025.png\",\"contentUrl\":\"https:\/\/ramina.fr\/wp-content\/uploads\/2025\/07\/La-Marseillaise-Aout-2025.png\",\"width\":983,\"height\":648},{\"@type\":\"BreadcrumbList\",\"@id\":\"https:\/\/ramina.fr\/index.php\/ils-parlent-de-nous\/#breadcrumb\",\"itemListElement\":[{\"@type\":\"ListItem\",\"position\":1,\"name\":\"Accueil\",\"item\":\"https:\/\/ramina.fr\/\"},{\"@type\":\"ListItem\",\"position\":2,\"name\":\"On parle de nous\"}]},{\"@type\":\"WebSite\",\"@id\":\"https:\/\/ramina.fr\/#website\",\"url\":\"https:\/\/ramina.fr\/\",\"name\":\"RAMINA\",\"description\":\"R\u00e9seau d\u2019Accueil des Minot.es Non Accompagn\u00e9s\",\"publisher\":{\"@id\":\"https:\/\/ramina.fr\/#organization\"},\"alternateName\":\"R\u00e9seau d'accueil Solidaire des Minots Non Accompagn\u00e9s\",\"potentialAction\":[{\"@type\":\"SearchAction\",\"target\":{\"@type\":\"EntryPoint\",\"urlTemplate\":\"https:\/\/ramina.fr\/?s={search_term_string}\"},\"query-input\":{\"@type\":\"PropertyValueSpecification\",\"valueRequired\":true,\"valueName\":\"search_term_string\"}}],\"inLanguage\":\"fr-FR\"},{\"@type\":\"Organization\",\"@id\":\"https:\/\/ramina.fr\/#organization\",\"name\":\"RAMINA\",\"alternateName\":\"R\u00e9seau d' Accueil des Minots Non Accompagn\u00e9s\",\"url\":\"https:\/\/ramina.fr\/\",\"logo\":{\"@type\":\"ImageObject\",\"inLanguage\":\"fr-FR\",\"@id\":\"https:\/\/ramina.fr\/#\/schema\/logo\/image\/\",\"url\":\"https:\/\/ramina.fr\/wp-content\/uploads\/2025\/02\/LOGO_RAMINA_NOIR_VERTICAL.png\",\"contentUrl\":\"https:\/\/ramina.fr\/wp-content\/uploads\/2025\/02\/LOGO_RAMINA_NOIR_VERTICAL.png\",\"width\":1654,\"height\":1418,\"caption\":\"RAMINA\"},\"image\":{\"@id\":\"https:\/\/ramina.fr\/#\/schema\/logo\/image\/\"},\"sameAs\":[\"https:\/\/www.facebook.com\/contact.ramina\/\",\"https:\/\/www.instagram.com\/ramina_marseille\/\"]}]}<\/script>\n<!-- \/ Yoast SEO plugin. -->","yoast_head_json":{"title":"On parle de nous | RAMINA","robots":{"index":"index","follow":"follow","max-snippet":"max-snippet:-1","max-image-preview":"max-image-preview:large","max-video-preview":"max-video-preview:-1"},"canonical":"https:\/\/ramina.fr\/index.php\/ils-parlent-de-nous\/","og_locale":"fr_FR","og_type":"article","og_title":"On parle de nous | RAMINA","og_description":"On parle de nous La Marseillaise &#8211; Aboubacar et Michel, 30 pages pour une rencontre JT de France 3 Provence &#8211; Migrants : un toit pour les minots A l&rsquo;\u00e9t\u00e9 2023, de jeunes exil\u00e9s accompagn\u00e9s par l&rsquo;association RAMINA apprennent \u00e0 nager, avec un ma\u00eetre-nageur qualifi\u00e9, dans une piscine priv\u00e9e de Marseille, gr\u00e2ce \u00e0 l&rsquo;association Contact &hellip; Continuer la lecture de &laquo;&nbsp;On parle de nous&nbsp;&raquo;","og_url":"https:\/\/ramina.fr\/index.php\/ils-parlent-de-nous\/","og_site_name":"RAMINA","article_publisher":"https:\/\/www.facebook.com\/contact.ramina\/","article_modified_time":"2025-09-02T21:49:59+00:00","og_image":[{"width":983,"height":648,"url":"https:\/\/ramina.fr\/wp-content\/uploads\/2025\/07\/La-Marseillaise-Aout-2025.png","type":"image\/png"}],"twitter_card":"summary_large_image","twitter_misc":{"Dur\u00e9e de lecture estim\u00e9e":"1 minute"},"schema":{"@context":"https:\/\/schema.org","@graph":[{"@type":"WebPage","@id":"https:\/\/ramina.fr\/index.php\/ils-parlent-de-nous\/","url":"https:\/\/ramina.fr\/index.php\/ils-parlent-de-nous\/","name":"On parle de nous | RAMINA","isPartOf":{"@id":"https:\/\/ramina.fr\/#website"},"primaryImageOfPage":{"@id":"https:\/\/ramina.fr\/index.php\/ils-parlent-de-nous\/#primaryimage"},"image":{"@id":"https:\/\/ramina.fr\/index.php\/ils-parlent-de-nous\/#primaryimage"},"thumbnailUrl":"https:\/\/ramina.fr\/wp-content\/uploads\/2025\/07\/La-Marseillaise-Aout-2025.png","datePublished":"2025-07-08T17:33:36+00:00","dateModified":"2025-09-02T21:49:59+00:00","breadcrumb":{"@id":"https:\/\/ramina.fr\/index.php\/ils-parlent-de-nous\/#breadcrumb"},"inLanguage":"fr-FR","potentialAction":[{"@type":"ReadAction","target":["https:\/\/ramina.fr\/index.php\/ils-parlent-de-nous\/"]}]},{"@type":"ImageObject","inLanguage":"fr-FR","@id":"https:\/\/ramina.fr\/index.php\/ils-parlent-de-nous\/#primaryimage","url":"https:\/\/ramina.fr\/wp-content\/uploads\/2025\/07\/La-Marseillaise-Aout-2025.png","contentUrl":"https:\/\/ramina.fr\/wp-content\/uploads\/2025\/07\/La-Marseillaise-Aout-2025.png","width":983,"height":648},{"@type":"BreadcrumbList","@id":"https:\/\/ramina.fr\/index.php\/ils-parlent-de-nous\/#breadcrumb","itemListElement":[{"@type":"ListItem","position":1,"name":"Accueil","item":"https:\/\/ramina.fr\/"},{"@type":"ListItem","position":2,"name":"On parle de nous"}]},{"@type":"WebSite","@id":"https:\/\/ramina.fr\/#website","url":"https:\/\/ramina.fr\/","name":"RAMINA","description":"R\u00e9seau d\u2019Accueil des Minot.es Non Accompagn\u00e9s","publisher":{"@id":"https:\/\/ramina.fr\/#organization"},"alternateName":"R\u00e9seau d'accueil Solidaire des Minots Non Accompagn\u00e9s","potentialAction":[{"@type":"SearchAction","target":{"@type":"EntryPoint","urlTemplate":"https:\/\/ramina.fr\/?s={search_term_string}"},"query-input":{"@type":"PropertyValueSpecification","valueRequired":true,"valueName":"search_term_string"}}],"inLanguage":"fr-FR"},{"@type":"Organization","@id":"https:\/\/ramina.fr\/#organization","name":"RAMINA","alternateName":"R\u00e9seau d' Accueil des Minots Non Accompagn\u00e9s","url":"https:\/\/ramina.fr\/","logo":{"@type":"ImageObject","inLanguage":"fr-FR","@id":"https:\/\/ramina.fr\/#\/schema\/logo\/image\/","url":"https:\/\/ramina.fr\/wp-content\/uploads\/2025\/02\/LOGO_RAMINA_NOIR_VERTICAL.png","contentUrl":"https:\/\/ramina.fr\/wp-content\/uploads\/2025\/02\/LOGO_RAMINA_NOIR_VERTICAL.png","width":1654,"height":1418,"caption":"RAMINA"},"image":{"@id":"https:\/\/ramina.fr\/#\/schema\/logo\/image\/"},"sameAs":["https:\/\/www.facebook.com\/contact.ramina\/","https:\/\/www.instagram.com\/ramina_marseille\/"]}]}},"jetpack_sharing_enabled":true,"_links":{"self":[{"href":"https:\/\/ramina.fr\/index.php\/wp-json\/wp\/v2\/pages\/2322","targetHints":{"allow":["GET"]}}],"collection":[{"href":"https:\/\/ramina.fr\/index.php\/wp-json\/wp\/v2\/pages"}],"about":[{"href":"https:\/\/ramina.fr\/index.php\/wp-json\/wp\/v2\/types\/page"}],"author":[{"embeddable":true,"href":"https:\/\/ramina.fr\/index.php\/wp-json\/wp\/v2\/users\/3"}],"replies":[{"embeddable":true,"href":"https:\/\/ramina.fr\/index.php\/wp-json\/wp\/v2\/comments?post=2322"}],"version-history":[{"count":43,"href":"https:\/\/ramina.fr\/index.php\/wp-json\/wp\/v2\/pages\/2322\/revisions"}],"predecessor-version":[{"id":2694,"href":"https:\/\/ramina.fr\/index.php\/wp-json\/wp\/v2\/pages\/2322\/revisions\/2694"}],"wp:attachment":[{"href":"https:\/\/ramina.fr\/index.php\/wp-json\/wp\/v2\/media?parent=2322"}],"curies":[{"name":"wp","href":"https:\/\/api.w.org\/{rel}","templated":true}]}}