{"id":2172,"date":"2025-05-29T13:31:57","date_gmt":"2025-05-29T11:31:57","guid":{"rendered":"https:\/\/ramina.fr\/?page_id=2172"},"modified":"2025-05-29T13:32:32","modified_gmt":"2025-05-29T11:32:32","slug":"mentions-legales","status":"publish","type":"page","link":"https:\/\/ramina.fr\/index.php\/mentions-legales\/","title":{"rendered":"Mentions L\u00e9gales"},"content":{"rendered":"\t\t<div data-elementor-type=\"wp-page\" data-elementor-id=\"2172\" class=\"elementor elementor-2172\">\n\t\t\t\t<div class=\"elementor-element elementor-element-85b58a3 e-flex e-con-boxed e-con e-parent\" data-id=\"85b58a3\" data-element_type=\"container\" data-e-type=\"container\">\n\t\t\t\t\t<div class=\"e-con-inner\">\n\t\t<div class=\"elementor-element elementor-element-fbd2808 e-con-full e-flex e-con e-child\" data-id=\"fbd2808\" data-element_type=\"container\" data-e-type=\"container\">\n\t\t\t\t<div class=\"elementor-element elementor-element-7bf3fd7 elementor-widget elementor-widget-heading\" data-id=\"7bf3fd7\" data-element_type=\"widget\" data-e-type=\"widget\" data-widget_type=\"heading.default\">\n\t\t\t\t\t<h1 class=\"elementor-heading-title elementor-size-default\">Mentions L\u00e9gales<\/h1>\t\t\t\t<\/div>\n\t\t\t\t<div class=\"elementor-element elementor-element-d7ef36a elementor-widget elementor-widget-text-editor\" data-id=\"d7ef36a\" data-element_type=\"widget\" data-e-type=\"widget\" data-widget_type=\"text-editor.default\">\n\t\t\t\t\t\t\t\t\t<p>Derni\u00e8re mise \u00e0 jour : 02\/03\/2025<\/p><p>1. Informations l\u00e9gales de l&rsquo;entreprise<\/p><p>Responsable de la publication :<\/p><ul><li>Ramina, R\u00e9seau d\u2019Accueil des Minots Non Accompagn\u00e9s<br \/>Association loi 1901<\/li><li>Maison des Associations, 93 la Canebi\u00e8re, 13001 Marseille<\/li><li>07 71 17 92 12<\/li><li>contact@ramina.fr<\/li><\/ul><p>Ce site est h\u00e9berg\u00e9 par OVH SAS 2 rue Kellermann &#8211; 59100 Roubaix &#8211; France<\/p><p>OVH SAS :<\/p><ul><li>SAS au capital de 50 000 000<\/li><li>RCS Lille M\u00e9tropole 424 761 419 00045<\/li><li>Code APE 2620Z<\/li><li>N\u00b0 TVA : FR 22 424 761 419<\/li><\/ul><p>OVH SAS est une filiale de la soci\u00e9t\u00e9 OVH Groupe SA, soci\u00e9t\u00e9 immatricul\u00e9e au RCS de Lille sous le num\u00e9ro 537 407 926 sise 2, rue Kellermann, 59100 Roubaix.<\/p><ul><li>Protection des donn\u00e9es personnelles : https:\/\/ramina.fr\/politique-de-confidentialite\/<\/li><li>Politique Cookies : https:\/\/ramina.fr\/index.php\/politique-de-cookies-ue\/<\/li><\/ul><p>2. Propri\u00e9t\u00e9 intellectuelle<\/p><p>Tous droits de propri\u00e9t\u00e9 intellectuelle relatifs au site et \u00e0 son contenu sont la propri\u00e9t\u00e9 de Ramina, R\u00e9seau d\u2019Accueil des Minots Non Accompagn\u00e9s ou de tiers ayant autoris\u00e9 Ramina, R\u00e9seau d\u2019Accueil des Minots Non Accompagn\u00e9s \u00e0 les utiliser. Toute utilisation non autoris\u00e9e du site ou de son contenu, y compris la reproduction, la modification, la distribution ou la republication, est strictement interdite.<\/p><p>3. Limitation de responsabilit\u00e9<\/p><p>Toute utilisation du site est aux risques et p\u00e9rils de l&rsquo;utilisateur. Ramina, R\u00e9seau d\u2019Accueil des Minots Non Accompagn\u00e9s ne peut en aucun cas \u00eatre tenue responsable des dommages directs ou indirects r\u00e9sultant de l&rsquo;utilisation du site.<\/p><p>4. Liens vers des sites tiers<\/p><p>Le site peut contenir des liens vers des sites Web tiers. Ramina, R\u00e9seau d\u2019Accueil des Minots Non Accompagn\u00e9s ne peut garantir l&rsquo;exactitude ou la qualit\u00e9 du contenu de ces sites tiers.<\/p><p>5. Droit applicable<\/p><p>Ces mentions l\u00e9gales sont r\u00e9gies par les lois de France. Tout litige d\u00e9coulant de ces mentions l\u00e9gales sera soumis \u00e0 la juridiction exclusive des tribunaux de Marseille.<\/p>\t\t\t\t\t\t\t\t<\/div>\n\t\t\t\t<\/div>\n\t\t\t\t\t<\/div>\n\t\t\t\t<\/div>\n\t\t\t\t<\/div>\n\t\t","protected":false},"excerpt":{"rendered":"<p>Mentions L\u00e9gales Derni\u00e8re mise \u00e0 jour : 02\/03\/2025 1. Informations l\u00e9gales de l&rsquo;entreprise Responsable de la publication : Ramina, R\u00e9seau d\u2019Accueil des Minots Non Accompagn\u00e9sAssociation loi 1901 Maison des Associations, 93 la Canebi\u00e8re, 13001 Marseille 07 71 17 92 12 contact@ramina.fr Ce site est h\u00e9berg\u00e9 par OVH SAS 2 rue Kellermann &#8211; 59100 Roubaix &#8211; &hellip; <\/p>\n<p class=\"link-more\"><a href=\"https:\/\/ramina.fr\/index.php\/mentions-legales\/\" class=\"more-link\">Continuer la lecture<span class=\"screen-reader-text\"> de &laquo;&nbsp;Mentions L\u00e9gales&nbsp;&raquo;<\/span><\/a><\/p>\n","protected":false},"author":6,"featured_media":0,"parent":0,"menu_order":0,"comment_status":"closed","ping_status":"closed","template":"","meta":{"footnotes":""},"class_list":["post-2172","page","type-page","status-publish","hentry"],"yoast_head":"<!-- This site is optimized with the Yoast SEO plugin v25.1 - https:\/\/yoast.com\/wordpress\/plugins\/seo\/ -->\n<title>Mentions L\u00e9gales | RAMINA<\/title>\n<meta name=\"description\" content=\"Consultez les mentions L\u00e9gales de Ramina pour en savoir plus sur l&#039;\u00e9diteur, l&#039;h\u00e9bergeur, les conditions d&#039;utilisation et vos droits.\" \/>\n<meta name=\"robots\" content=\"index, follow, max-snippet:-1, max-image-preview:large, max-video-preview:-1\" \/>\n<link rel=\"canonical\" href=\"https:\/\/ramina.fr\/index.php\/mentions-legales\/\" \/>\n<meta property=\"og:locale\" content=\"fr_FR\" \/>\n<meta property=\"og:type\" content=\"article\" \/>\n<meta property=\"og:title\" content=\"Mentions L\u00e9gales | RAMINA\" \/>\n<meta property=\"og:description\" content=\"Consultez les mentions L\u00e9gales de Ramina pour en savoir plus sur l&#039;\u00e9diteur, l&#039;h\u00e9bergeur, les conditions d&#039;utilisation et vos droits.\" \/>\n<meta property=\"og:url\" content=\"https:\/\/ramina.fr\/index.php\/mentions-legales\/\" \/>\n<meta property=\"og:site_name\" content=\"RAMINA\" \/>\n<meta property=\"article:publisher\" content=\"https:\/\/www.facebook.com\/contact.ramina\/\" \/>\n<meta property=\"article:modified_time\" content=\"2025-05-29T11:32:32+00:00\" \/>\n<meta property=\"og:image\" content=\"https:\/\/ramina.fr\/wp-content\/uploads\/2025\/02\/ramina-image-mise-avant-wordpress.jpg\" \/>\n\t<meta property=\"og:image:width\" content=\"1200\" \/>\n\t<meta property=\"og:image:height\" content=\"675\" \/>\n\t<meta property=\"og:image:type\" content=\"image\/jpeg\" \/>\n<meta name=\"twitter:card\" content=\"summary_large_image\" \/>\n<meta name=\"twitter:label1\" content=\"Dur\u00e9e de lecture estim\u00e9e\" \/>\n\t<meta name=\"twitter:data1\" content=\"2 minutes\" \/>\n<script type=\"application\/ld+json\" class=\"yoast-schema-graph\">{\"@context\":\"https:\/\/schema.org\",\"@graph\":[{\"@type\":\"WebPage\",\"@id\":\"https:\/\/ramina.fr\/index.php\/mentions-legales\/\",\"url\":\"https:\/\/ramina.fr\/index.php\/mentions-legales\/\",\"name\":\"Mentions L\u00e9gales | RAMINA\",\"isPartOf\":{\"@id\":\"https:\/\/ramina.fr\/#website\"},\"datePublished\":\"2025-05-29T11:31:57+00:00\",\"dateModified\":\"2025-05-29T11:32:32+00:00\",\"description\":\"Consultez les mentions L\u00e9gales de Ramina pour en savoir plus sur l'\u00e9diteur, l'h\u00e9bergeur, les conditions d'utilisation et vos droits.\",\"breadcrumb\":{\"@id\":\"https:\/\/ramina.fr\/index.php\/mentions-legales\/#breadcrumb\"},\"inLanguage\":\"fr-FR\",\"potentialAction\":[{\"@type\":\"ReadAction\",\"target\":[\"https:\/\/ramina.fr\/index.php\/mentions-legales\/\"]}]},{\"@type\":\"BreadcrumbList\",\"@id\":\"https:\/\/ramina.fr\/index.php\/mentions-legales\/#breadcrumb\",\"itemListElement\":[{\"@type\":\"ListItem\",\"position\":1,\"name\":\"Accueil\",\"item\":\"https:\/\/ramina.fr\/\"},{\"@type\":\"ListItem\",\"position\":2,\"name\":\"Mentions L\u00e9gales\"}]},{\"@type\":\"WebSite\",\"@id\":\"https:\/\/ramina.fr\/#website\",\"url\":\"https:\/\/ramina.fr\/\",\"name\":\"RAMINA\",\"description\":\"R\u00e9seau d\u2019Accueil des Minot.es Non Accompagn\u00e9s\",\"publisher\":{\"@id\":\"https:\/\/ramina.fr\/#organization\"},\"alternateName\":\"R\u00e9seau d'accueil Solidaire des Minots Non Accompagn\u00e9s\",\"potentialAction\":[{\"@type\":\"SearchAction\",\"target\":{\"@type\":\"EntryPoint\",\"urlTemplate\":\"https:\/\/ramina.fr\/?s={search_term_string}\"},\"query-input\":{\"@type\":\"PropertyValueSpecification\",\"valueRequired\":true,\"valueName\":\"search_term_string\"}}],\"inLanguage\":\"fr-FR\"},{\"@type\":\"Organization\",\"@id\":\"https:\/\/ramina.fr\/#organization\",\"name\":\"RAMINA\",\"alternateName\":\"R\u00e9seau d' Accueil des Minots Non Accompagn\u00e9s\",\"url\":\"https:\/\/ramina.fr\/\",\"logo\":{\"@type\":\"ImageObject\",\"inLanguage\":\"fr-FR\",\"@id\":\"https:\/\/ramina.fr\/#\/schema\/logo\/image\/\",\"url\":\"https:\/\/ramina.fr\/wp-content\/uploads\/2025\/02\/LOGO_RAMINA_NOIR_VERTICAL.png\",\"contentUrl\":\"https:\/\/ramina.fr\/wp-content\/uploads\/2025\/02\/LOGO_RAMINA_NOIR_VERTICAL.png\",\"width\":1654,\"height\":1418,\"caption\":\"RAMINA\"},\"image\":{\"@id\":\"https:\/\/ramina.fr\/#\/schema\/logo\/image\/\"},\"sameAs\":[\"https:\/\/www.facebook.com\/contact.ramina\/\",\"https:\/\/www.instagram.com\/ramina_marseille\/\"]}]}<\/script>\n<!-- \/ Yoast SEO plugin. -->","yoast_head_json":{"title":"Mentions L\u00e9gales | RAMINA","description":"Consultez les mentions L\u00e9gales de Ramina pour en savoir plus sur l'\u00e9diteur, l'h\u00e9bergeur, les conditions d'utilisation et vos droits.","robots":{"index":"index","follow":"follow","max-snippet":"max-snippet:-1","max-image-preview":"max-image-preview:large","max-video-preview":"max-video-preview:-1"},"canonical":"https:\/\/ramina.fr\/index.php\/mentions-legales\/","og_locale":"fr_FR","og_type":"article","og_title":"Mentions L\u00e9gales | RAMINA","og_description":"Consultez les mentions L\u00e9gales de Ramina pour en savoir plus sur l'\u00e9diteur, l'h\u00e9bergeur, les conditions d'utilisation et vos droits.","og_url":"https:\/\/ramina.fr\/index.php\/mentions-legales\/","og_site_name":"RAMINA","article_publisher":"https:\/\/www.facebook.com\/contact.ramina\/","article_modified_time":"2025-05-29T11:32:32+00:00","og_image":[{"width":1200,"height":675,"url":"https:\/\/ramina.fr\/wp-content\/uploads\/2025\/02\/ramina-image-mise-avant-wordpress.jpg","type":"image\/jpeg"}],"twitter_card":"summary_large_image","twitter_misc":{"Dur\u00e9e de lecture estim\u00e9e":"2 minutes"},"schema":{"@context":"https:\/\/schema.org","@graph":[{"@type":"WebPage","@id":"https:\/\/ramina.fr\/index.php\/mentions-legales\/","url":"https:\/\/ramina.fr\/index.php\/mentions-legales\/","name":"Mentions L\u00e9gales | RAMINA","isPartOf":{"@id":"https:\/\/ramina.fr\/#website"},"datePublished":"2025-05-29T11:31:57+00:00","dateModified":"2025-05-29T11:32:32+00:00","description":"Consultez les mentions L\u00e9gales de Ramina pour en savoir plus sur l'\u00e9diteur, l'h\u00e9bergeur, les conditions d'utilisation et vos droits.","breadcrumb":{"@id":"https:\/\/ramina.fr\/index.php\/mentions-legales\/#breadcrumb"},"inLanguage":"fr-FR","potentialAction":[{"@type":"ReadAction","target":["https:\/\/ramina.fr\/index.php\/mentions-legales\/"]}]},{"@type":"BreadcrumbList","@id":"https:\/\/ramina.fr\/index.php\/mentions-legales\/#breadcrumb","itemListElement":[{"@type":"ListItem","position":1,"name":"Accueil","item":"https:\/\/ramina.fr\/"},{"@type":"ListItem","position":2,"name":"Mentions L\u00e9gales"}]},{"@type":"WebSite","@id":"https:\/\/ramina.fr\/#website","url":"https:\/\/ramina.fr\/","name":"RAMINA","description":"R\u00e9seau d\u2019Accueil des Minot.es Non Accompagn\u00e9s","publisher":{"@id":"https:\/\/ramina.fr\/#organization"},"alternateName":"R\u00e9seau d'accueil Solidaire des Minots Non Accompagn\u00e9s","potentialAction":[{"@type":"SearchAction","target":{"@type":"EntryPoint","urlTemplate":"https:\/\/ramina.fr\/?s={search_term_string}"},"query-input":{"@type":"PropertyValueSpecification","valueRequired":true,"valueName":"search_term_string"}}],"inLanguage":"fr-FR"},{"@type":"Organization","@id":"https:\/\/ramina.fr\/#organization","name":"RAMINA","alternateName":"R\u00e9seau d' Accueil des Minots Non Accompagn\u00e9s","url":"https:\/\/ramina.fr\/","logo":{"@type":"ImageObject","inLanguage":"fr-FR","@id":"https:\/\/ramina.fr\/#\/schema\/logo\/image\/","url":"https:\/\/ramina.fr\/wp-content\/uploads\/2025\/02\/LOGO_RAMINA_NOIR_VERTICAL.png","contentUrl":"https:\/\/ramina.fr\/wp-content\/uploads\/2025\/02\/LOGO_RAMINA_NOIR_VERTICAL.png","width":1654,"height":1418,"caption":"RAMINA"},"image":{"@id":"https:\/\/ramina.fr\/#\/schema\/logo\/image\/"},"sameAs":["https:\/\/www.facebook.com\/contact.ramina\/","https:\/\/www.instagram.com\/ramina_marseille\/"]}]}},"jetpack_sharing_enabled":true,"_links":{"self":[{"href":"https:\/\/ramina.fr\/index.php\/wp-json\/wp\/v2\/pages\/2172","targetHints":{"allow":["GET"]}}],"collection":[{"href":"https:\/\/ramina.fr\/index.php\/wp-json\/wp\/v2\/pages"}],"about":[{"href":"https:\/\/ramina.fr\/index.php\/wp-json\/wp\/v2\/types\/page"}],"author":[{"embeddable":true,"href":"https:\/\/ramina.fr\/index.php\/wp-json\/wp\/v2\/users\/6"}],"replies":[{"embeddable":true,"href":"https:\/\/ramina.fr\/index.php\/wp-json\/wp\/v2\/comments?post=2172"}],"version-history":[{"count":10,"href":"https:\/\/ramina.fr\/index.php\/wp-json\/wp\/v2\/pages\/2172\/revisions"}],"predecessor-version":[{"id":2183,"href":"https:\/\/ramina.fr\/index.php\/wp-json\/wp\/v2\/pages\/2172\/revisions\/2183"}],"wp:attachment":[{"href":"https:\/\/ramina.fr\/index.php\/wp-json\/wp\/v2\/media?parent=2172"}],"curies":[{"name":"wp","href":"https:\/\/api.w.org\/{rel}","templated":true}]}}